{"id":3650,"date":"2017-03-28T16:51:46","date_gmt":"2017-03-28T14:51:46","guid":{"rendered":"https:\/\/www.purjetamine.com\/?page_id=3650"},"modified":"2017-05-20T13:26:35","modified_gmt":"2017-05-20T11:26:35","slug":"matused-merel","status":"publish","type":"page","link":"https:\/\/purjetamine.com\/eng\/matused-merel\/","title":{"rendered":"Matused merel. Tuha puistamine merre."},"content":{"rendered":"<p>[et_pb_section bb_built=&#8221;1&#8243; admin_label=&#8221;section&#8221;][et_pb_row admin_label=&#8221;row&#8221; make_fullwidth=&#8221;off&#8221; use_custom_width=&#8221;off&#8221; width_unit=&#8221;on&#8221; use_custom_gutter=&#8221;off&#8221; padding_mobile=&#8221;off&#8221; allow_player_pause=&#8221;off&#8221; parallax=&#8221;off&#8221; parallax_method=&#8221;off&#8221; make_equal=&#8221;off&#8221; parallax_1=&#8221;off&#8221; parallax_method_1=&#8221;off&#8221; column_padding_mobile=&#8221;on&#8221; custom_margin=&#8221;-100px||-100px|&#8221;][et_pb_column type=&#8221;4_4&#8243;][et_pb_image admin_label=&#8221;Image&#8221; src=&#8221;https:\/\/purjetamine.com\/wp-content\/uploads\/2017\/03\/matused-merel.jpg&#8221; show_in_lightbox=&#8221;off&#8221; url_new_window=&#8221;off&#8221; use_overlay=&#8221;off&#8221; animation=&#8221;left&#8221; sticky=&#8221;off&#8221; align=&#8221;center&#8221; force_fullwidth=&#8221;off&#8221; always_center_on_mobile=&#8221;on&#8221; use_border_color=&#8221;off&#8221; border_color=&#8221;#ffffff&#8221; border_style=&#8221;solid&#8221; title_text=&#8221;matused merel&#8221; alt=&#8221;matused merel&#8221; \/][et_pb_text admin_label=&#8221;Text&#8221; background_layout=&#8221;light&#8221; text_orientation=&#8221;left&#8221; use_border_color=&#8221;off&#8221; border_color=&#8221;#ffffff&#8221; border_style=&#8221;solid&#8221;]<\/p>\n<h2 style=\"text-align: center;\">Matused merel &#8211; tuha puistamine merre<\/h2>\n<p>Kui see oli kadunud inimese soov, siis on Teil meie abiga v\u00f5imalik tuhk merre puistata. S\u00f5idame vastavalt Teie soovitud kohta, saate valida ka kordinaate <a href=\"https:\/\/purjetamine.com\/purjetamine-tallinna-lahel\/\">Tallinna lahel<\/a>. Tihti soovitakse minna <a href=\"https:\/\/et.wikipedia.org\/wiki\/Russalka\" target=\"_blank\" rel=\"noopener noreferrer\">Russalka<\/a> alla. \u00c4rasaatmine olgu v\u00e4\u00e4rikas ja viisakas, merre tuha puistamine seda kindlasti on. Tavaliselt toimub \u00e4rasaatmine pere ringis, seega peaks piisama v\u00e4iksemast jahist. Vajadusel v\u00f5ime aga mahutada mitem erineva jahi peale rohkem inimesi. Soovi korral lisame jahile mustad lindid.<\/p>\n<p>Matused merel on rahulik ja v\u00e4\u00e4rikas kadunukese \u00e4ra saatmine. Meie k\u00e4est saab soodsamalt tellida ka p\u00e4rjad ja lilled!<\/p>\n<p>S\u00f5idame jahiga umbes 20 minutit lahe keskele, j\u00e4\u00e4me seisma (seda tunniajase s\u00f5idu puhul). Laseme jahil vastavalt tuule suunale ennast paika keerata ja jaht j\u00e4\u00e4b triivima. N\u00fc\u00fcd on aeg tuha raputamiseks merre. Kapten annab k\u00e4tte suuna. Peale seda viibime veel rahulikult paigal ja m\u00e4lestame m\u00f5tetes kadunukest. Soovi korral saab tellida s\u00fcndmust j\u00e4\u00e4dvustama fotograafi.<\/p>\n<p>Matused merel korraldamiseks v\u00f5tke \u00fchendust +372 5257 228 v\u00f5i emaili teel info@purjetamine.com<\/p>\n<p>Tunneme s\u00fcdames kogu purjetamine.com meeskonnaga kaasa l\u00e4hedase kaotuse puhul!<\/p>\n<p>Matused merel alates 100\u20ac.<\/p>\n<p>&nbsp;<\/p>\n<p>[\/et_pb_text][\/et_pb_column][\/et_pb_row][\/et_pb_section]<\/p>\n","protected":false},"excerpt":{"rendered":"<p>[et_pb_section bb_built=&#8221;1&#8243; admin_label=&#8221;section&#8221;][et_pb_row admin_label=&#8221;row&#8221; make_fullwidth=&#8221;off&#8221; use_custom_width=&#8221;off&#8221; width_unit=&#8221;on&#8221; use_custom_gutter=&#8221;off&#8221; padding_mobile=&#8221;off&#8221; allow_player_pause=&#8221;off&#8221; parallax=&#8221;off&#8221; parallax_method=&#8221;off&#8221; make_equal=&#8221;off&#8221; parallax_1=&#8221;off&#8221; parallax_method_1=&#8221;off&#8221; column_padding_mobile=&#8221;on&#8221; custom_margin=&#8221;-100px||-100px|&#8221;][et_pb_column type=&#8221;4_4&#8243;][et_pb_image admin_label=&#8221;Image&#8221; src=&#8221;https:\/\/purjetamine.com\/wp-content\/uploads\/2017\/03\/matused-merel.jpg&#8221; show_in_lightbox=&#8221;off&#8221; url_new_window=&#8221;off&#8221; use_overlay=&#8221;off&#8221; animation=&#8221;left&#8221; sticky=&#8221;off&#8221; align=&#8221;center&#8221; force_fullwidth=&#8221;off&#8221; always_center_on_mobile=&#8221;on&#8221; use_border_color=&#8221;off&#8221; border_color=&#8221;#ffffff&#8221; border_style=&#8221;solid&#8221; title_text=&#8221;matused merel&#8221; alt=&#8221;matused merel&#8221; \/][et_pb_text admin_label=&#8221;Text&#8221; background_layout=&#8221;light&#8221; text_orientation=&#8221;left&#8221; use_border_color=&#8221;off&#8221; border_color=&#8221;#ffffff&#8221; border_style=&#8221;solid&#8221;] Matused merel &#8211; tuha puistamine merre Kui see oli kadunud inimese soov, siis [&hellip;]<\/p>\n","protected":false},"author":2,"featured_media":0,"parent":0,"menu_order":0,"comment_status":"closed","ping_status":"closed","template":"","meta":{"_acf_changed":false,"_eb_attr":"","footnotes":""},"class_list":["post-3650","page","type-page","status-publish","hentry"],"acf":[],"_links":{"self":[{"href":"https:\/\/purjetamine.com\/eng\/wp-json\/wp\/v2\/pages\/3650","targetHints":{"allow":["GET"]}}],"collection":[{"href":"https:\/\/purjetamine.com\/eng\/wp-json\/wp\/v2\/pages"}],"about":[{"href":"https:\/\/purjetamine.com\/eng\/wp-json\/wp\/v2\/types\/page"}],"author":[{"embeddable":true,"href":"https:\/\/purjetamine.com\/eng\/wp-json\/wp\/v2\/users\/2"}],"replies":[{"embeddable":true,"href":"https:\/\/purjetamine.com\/eng\/wp-json\/wp\/v2\/comments?post=3650"}],"version-history":[{"count":0,"href":"https:\/\/purjetamine.com\/eng\/wp-json\/wp\/v2\/pages\/3650\/revisions"}],"wp:attachment":[{"href":"https:\/\/purjetamine.com\/eng\/wp-json\/wp\/v2\/media?parent=3650"}],"curies":[{"name":"wp","href":"https:\/\/api.w.org\/{rel}","templated":true}]}}